{"id":129,"date":"2024-08-06T14:21:43","date_gmt":"2024-08-06T20:21:43","guid":{"rendered":"https:\/\/www.sin-cancer.com\/oncologia\/?page_id=129"},"modified":"2024-08-06T19:06:47","modified_gmt":"2024-08-07T01:06:47","slug":"cirugia-oncologica","status":"publish","type":"page","link":"https:\/\/www.sin-cancer.com\/oncologia\/cirugia-oncologica\/","title":{"rendered":"Cirug\u00eda Oncol\u00f3gica"},"content":{"rendered":"\n<div class=\"wp-block-stackable-columns alignfull stk-block-columns stk-block stk-52f5f4a stk-block-background stk--has-background-overlay\" data-block-id=\"52f5f4a\"><style>.stk-52f5f4a{background-color:#000000 !important;background-image:url(https:\/\/www.sin-cancer.com\/oncologia\/wp-content\/uploads\/2024\/07\/Dr-Julio-Ramirez-Oncologo-CRESEM-S.A--scaled.jpg) !important;background-position:center center !important;background-size:custom !important;background-blend-mode:initial !important;min-height:800px !important;align-items:center !important;margin-bottom:29px !important;display:flex !important}.stk-52f5f4a:before{background-color:#000000 !important;opacity:0.6 !important}<\/style><div class=\"stk-row stk-inner-blocks has-text-align-center stk-block-content stk-content-align stk-52f5f4a-column alignwide\">\n<div class=\"wp-block-stackable-column stk-block-column stk-column stk-block stk-25d6a75\" data-v=\"4\" data-block-id=\"25d6a75\"><div class=\"stk-column-wrapper stk-block-column__content stk-container stk-25d6a75-container stk--no-background stk--no-padding\"><div class=\"stk-block-content stk-inner-blocks stk-25d6a75-inner-blocks\">\n<div class=\"wp-block-stackable-heading stk-block-heading stk-block-heading--v2 stk-block stk-9ce2997\" id=\"cirugia-oncologica\" data-block-id=\"9ce2997\"><style>.stk-9ce2997 .stk-block-heading__text{font-size:56px !important;color:#FFFFFF !important;font-weight:200 !important;font-family:\"Inter\",Sans-serif !important}@media screen and (max-width:1023px){.stk-9ce2997 .stk-block-heading__text{font-size:50px !important}}<\/style><h2 class=\"stk-block-heading__text has-text-color has-white-color\">Cirug\u00eda Oncol\u00f3gica<\/h2><\/div>\n\n\n\n<div class=\"wp-block-stackable-text stk-block-text stk-block stk-6621812\" data-block-id=\"6621812\"><style>.stk-6621812 .stk-block-text__text{color:#FFFFFF !important;font-family:\"Actor\",Sans-serif !important}<\/style><p class=\"stk-block-text__text has-text-color has-white-color\">Nuestros cirujanos oncol\u00f3gicos se ocupan del tratamiento quir\u00fargico de los c\u00e1nceres, como tambi\u00e9n de otras enfermedades tumorales relacionadas.  Este es el manejo m\u00e1s antiguo que existe contra esta patolog\u00eda.  <\/p><\/div>\n\n\n\n<div class=\"wp-block-stackable-text stk-block-text stk-block stk-217880a\" data-block-id=\"217880a\"><style>.stk-217880a .stk-block-text__text{font-family:\"Actor\",Sans-serif !important}<\/style><p class=\"stk-block-text__text\"><span style=\"color: #ffffff;\" class=\"stk-highlight\">Aproximadamente, un 80% de los pacientes que la padecen requieren alg\u00fan tipo de intervenci\u00f3n quir\u00fargica mayor o menor.   <\/span><\/p><\/div>\n\n\n\n<div class=\"wp-block-stackable-text stk-block-text stk-block stk-d7b66e8\" data-block-id=\"d7b66e8\"><style>.stk-d7b66e8 .stk-block-text__text{font-family:\"Actor\",Sans-serif !important}<\/style><p class=\"stk-block-text__text\"><span style=\"color: #ffffff;\" class=\"stk-highlight\">En algunos casos, se utiliza para hacer el diagn\u00f3stico, averiguar d\u00f3nde se encuentra el c\u00e1ncer, tratarlo, ayudar a manejar el dolor o mejorar la calidad de vida, reconstruir y recuperar o reparar la funcionalidad de algunos \u00f3rganos.  <\/span><\/p><\/div>\n\n\n\n<div class=\"wp-block-stackable-text stk-block-text stk-block stk-71fb0f3\" data-block-id=\"71fb0f3\"><style>.stk-71fb0f3 .stk-block-text__text{font-family:\"Actor\",Sans-serif !important}<\/style><p class=\"stk-block-text__text\"><span style=\"color: #ffffff;\" class=\"stk-highlight\">Actualmente existen muchos tipos de cirug\u00edas que ayudan a detener el c\u00e1ncer. <\/span><\/p><\/div>\n\n\n\n<div class=\"wp-block-stackable-carousel stk-block-carousel stk--is-slide stk--arrows-justify-space-between stk--arrows-align-center stk-block stk-26363b3\" data-slides-to-show=\"\" data-block-id=\"26363b3\"><div class=\"stk-block-carousel__content-wrapper\"><div class=\"stk-row stk-inner-blocks stk-block-content stk-block-carousel__slider-wrapper stk-content-align stk-26363b3-column\"><div class=\"stk-block-carousel__slider\" role=\"list\" data-autoplay=\"4000\" data-label-slide-of=\"Slide %%d of %%d\">\n<div class=\"wp-block-stackable-column stk-block-column stk-column stk-block stk-a1775d9\" data-v=\"4\" data-block-id=\"a1775d9\"><div class=\"stk-column-wrapper stk-block-column__content stk-container stk-a1775d9-container stk--no-background stk--no-padding\"><div class=\"stk-block-content stk-inner-blocks stk-a1775d9-inner-blocks\">\n<div class=\"wp-block-stackable-image-box stk-block-image-box stk-hover-parent stk-block stk-c508c10 is-style-plain\" data-block-id=\"c508c10\"><div class=\"stk-block-content stk-inner-blocks has-text-align-left stk-row stk-block-image-box__content\">\n<div class=\"wp-block-stackable-image aligncenter stk-block-image has-text-align-center stk-block stk-30aaadd\" data-block-id=\"30aaadd\"><style>.stk-30aaadd .stk-img-wrapper{height:450px !important}.stk-30aaadd .stk-img-wrapper img{object-fit:contain !important}:where(.stk-hover-parent:hover,.stk-hover-parent.stk--is-hovered) .stk-30aaadd .stk-img-wrapper::after{background-color:#000000B3 !important}<\/style><figure><span class=\"stk-img-wrapper stk-image--shape-stretch stk--has-lightbox\"><img loading=\"lazy\" decoding=\"async\" data-attachment-id=\"130\" data-permalink=\"https:\/\/www.sin-cancer.com\/oncologia\/cirugia-oncologica\/attachment\/ciru-oncologica-dr-ramirez-julio\/\" data-orig-file=\"https:\/\/www.sin-cancer.com\/oncologia\/wp-content\/uploads\/2024\/08\/ciru-oncologica-Dr-Ramirez-Julio.jpg\" data-orig-size=\"480,480\" data-comments-opened=\"1\" data-image-meta=\"{&quot;aperture&quot;:&quot;0&quot;,&quot;credit&quot;:&quot;&quot;,&quot;camera&quot;:&quot;&quot;,&quot;caption&quot;:&quot;&quot;,&quot;created_timestamp&quot;:&quot;0&quot;,&quot;copyright&quot;:&quot;&quot;,&quot;focal_length&quot;:&quot;0&quot;,&quot;iso&quot;:&quot;0&quot;,&quot;shutter_speed&quot;:&quot;0&quot;,&quot;title&quot;:&quot;&quot;,&quot;orientation&quot;:&quot;0&quot;}\" data-image-title=\"ciru oncologica Dr Ramirez Julio\" data-image-description=\"\" data-image-caption=\"\" data-large-file=\"https:\/\/www.sin-cancer.com\/oncologia\/wp-content\/uploads\/2024\/08\/ciru-oncologica-Dr-Ramirez-Julio.jpg\" class=\"stk-img wp-image-130\" src=\"https:\/\/www.sin-cancer.com\/oncologia\/wp-content\/uploads\/2024\/08\/ciru-oncologica-Dr-Ramirez-Julio.jpg\" width=\"480\" height=\"480\" srcset=\"https:\/\/www.sin-cancer.com\/oncologia\/wp-content\/uploads\/2024\/08\/ciru-oncologica-Dr-Ramirez-Julio.jpg 480w, https:\/\/www.sin-cancer.com\/oncologia\/wp-content\/uploads\/2024\/08\/ciru-oncologica-Dr-Ramirez-Julio-300x300.jpg 300w, https:\/\/www.sin-cancer.com\/oncologia\/wp-content\/uploads\/2024\/08\/ciru-oncologica-Dr-Ramirez-Julio-150x150.jpg 150w, https:\/\/www.sin-cancer.com\/oncologia\/wp-content\/uploads\/2024\/08\/ciru-oncologica-Dr-Ramirez-Julio-100x100.jpg 100w\" sizes=\"auto, (max-width: 480px) 100vw, 480px\" \/><\/span><\/figure><\/div>\n\n\n\n<div class=\"wp-block-stackable-column stk-block-column stk-column stk-block stk-e502923\" data-v=\"4\" data-block-id=\"e502923\"><style>.stk-e502923-inner-blocks{justify-content:flex-end !important}.stk-e502923-container{padding-top:32px !important;padding-right:32px !important;padding-bottom:32px !important;padding-left:32px !important;display:flex !important}<\/style><div class=\"stk-column-wrapper stk-block-column__content stk-container stk-e502923-container stk--no-background stk--no-padding\"><div class=\"stk-block-content stk-inner-blocks stk-e502923-inner-blocks\"><\/div><\/div><\/div>\n<\/div><\/div>\n<\/div><\/div><\/div>\n<\/div><div class=\"stk-block-carousel__buttons\"><button class=\"stk-block-carousel__button stk-block-carousel__button__prev\" aria-label=\"Previous slide\"><svg aria-hidden=\"true\" focusable=\"false\" data-prefix=\"fas\" data-icon=\"chevron-left\" class=\"svg-inline--fa fa-chevron-left\" xmlns=\"http:\/\/www.w3.org\/2000\/svg\" viewBox=\"0 0 320 512\" width=\"32\" height=\"32\"><path d=\"M34.52 239.03L228.87 44.69c9.37-9.37 24.57-9.37 33.94 0l22.67 22.67c9.36 9.36 9.37 24.52.04 33.9L131.49 256l154.02 154.75c9.34 9.38 9.32 24.54-.04 33.9l-22.67 22.67c-9.37 9.37-24.57 9.37-33.94 0L34.52 272.97c-9.37-9.37-9.37-24.57 0-33.94z\"><\/path><\/svg><\/button><button class=\"stk-block-carousel__button stk-block-carousel__button__next\" aria-label=\"Next slide\"><svg aria-hidden=\"true\" focusable=\"false\" data-prefix=\"fas\" data-icon=\"chevron-right\" class=\"svg-inline--fa fa-chevron-right\" xmlns=\"http:\/\/www.w3.org\/2000\/svg\" viewBox=\"0 0 320 512\" width=\"32\" height=\"32\"><path d=\"M285.476 272.971L91.132 467.314c-9.373 9.373-24.569 9.373-33.941 0l-22.667-22.667c-9.357-9.357-9.375-24.522-.04-33.901L188.505 256 34.484 101.255c-9.335-9.379-9.317-24.544.04-33.901l22.667-22.667c9.373-9.373 24.569-9.373 33.941 0L285.475 239.03c9.373 9.372 9.373 24.568.001 33.941z\"><\/path><\/svg><\/button><\/div><\/div><div class=\"stk-block-carousel__dots\" role=\"list\" data-label=\"Slide %%d\"><\/div><\/div><\/div>\n<\/div><\/div><\/div>\n<\/div><\/div>\n\n\n\n<div class=\"wp-block-stackable-text stk-block-text stk-block stk-c9383f4\" data-block-id=\"c9383f4\"><p class=\"stk-block-text__text has-text-align-center\"><strong>La informaci\u00f3n presentada es como referencia y cada paciente debe realizar su consulta para valorar el tratamiento a seguir. la responsabilidad de esta informaci\u00f3n es \u00fanicamente de que consulta.<\/strong><\/p><\/div>\n\n\n\n<p><\/p>\n","protected":false},"excerpt":{"rendered":"<p>Cirug\u00eda Oncol\u00f3gica Nuestros cirujanos oncol\u00f3gicos se ocupan del tratamiento quir\u00fargico de los c\u00e1nceres, como tambi\u00e9n de otras enfermedades tumorales relacionadas. Este es el manejo m\u00e1s antiguo que existe contra esta patolog\u00eda. Aproximadamente, un 80% de los pacientes que la padecen requieren alg\u00fan tipo de intervenci\u00f3n quir\u00fargica mayor o menor. En algunos casos, se utiliza para [&hellip;]<\/p>\n","protected":false},"author":1,"featured_media":0,"parent":0,"menu_order":0,"comment_status":"closed","ping_status":"closed","template":"page-template\/front-page.php","meta":{"advanced_seo_description":"","jetpack_seo_html_title":"","jetpack_seo_noindex":false,"footnotes":""},"class_list":["post-129","page","type-page","status-publish","hentry"],"featured_image_src":null,"featured_image_src_square":null,"jetpack_sharing_enabled":true,"_links":{"self":[{"href":"https:\/\/www.sin-cancer.com\/oncologia\/wp-json\/wp\/v2\/pages\/129","targetHints":{"allow":["GET"]}}],"collection":[{"href":"https:\/\/www.sin-cancer.com\/oncologia\/wp-json\/wp\/v2\/pages"}],"about":[{"href":"https:\/\/www.sin-cancer.com\/oncologia\/wp-json\/wp\/v2\/types\/page"}],"author":[{"embeddable":true,"href":"https:\/\/www.sin-cancer.com\/oncologia\/wp-json\/wp\/v2\/users\/1"}],"replies":[{"embeddable":true,"href":"https:\/\/www.sin-cancer.com\/oncologia\/wp-json\/wp\/v2\/comments?post=129"}],"version-history":[{"count":11,"href":"https:\/\/www.sin-cancer.com\/oncologia\/wp-json\/wp\/v2\/pages\/129\/revisions"}],"predecessor-version":[{"id":174,"href":"https:\/\/www.sin-cancer.com\/oncologia\/wp-json\/wp\/v2\/pages\/129\/revisions\/174"}],"wp:attachment":[{"href":"https:\/\/www.sin-cancer.com\/oncologia\/wp-json\/wp\/v2\/media?parent=129"}],"curies":[{"name":"wp","href":"https:\/\/api.w.org\/{rel}","templated":true}]}}