{"id":89,"date":"2024-07-30T19:39:46","date_gmt":"2024-07-31T01:39:46","guid":{"rendered":"https:\/\/www.sin-cancer.com\/oncologia\/?page_id=89"},"modified":"2024-07-31T10:45:16","modified_gmt":"2024-07-31T16:45:16","slug":"contacto","status":"publish","type":"page","link":"https:\/\/www.sin-cancer.com\/oncologia\/contacto\/","title":{"rendered":"Contacto"},"content":{"rendered":"\n<div class=\"wp-block-stackable-divider stk-block-divider stk-block stk-0005445\" data-block-id=\"0005445\"><hr class=\"stk-block-divider__hr\"\/><\/div>\n\n\n\n<div class=\"wp-block-stackable-separator stk-block-separator stk--no-padding stk-block stk-61f8884 stk-block-background stk--has-background-overlay\" data-block-id=\"61f8884\"><style>.stk-61f8884{background-image:url(https:\/\/www.sin-cancer.com\/oncologia\/wp-content\/uploads\/2024\/07\/Dr.-Julio-Ramirez3.jpg) !important;min-height:0px !important;align-items:flex-end !important;padding-top:0px !important;padding-right:0px !important;padding-bottom:0px !important;padding-left:0px !important;display:flex !important;position:static !important;z-index:0 !important}.stk-61f8884:before{opacity:0 !important}.stk-61f8884 .stk-block-separator__inner{height:61px !important}<\/style><div class=\"stk-block-separator__inner\"><svg xmlns=\"http:\/\/www.w3.org\/2000\/svg\" viewBox=\"0 0 1600 200\" class=\"stk-separator__layer-1\" preserveAspectRatio=\"none\" aria-hidden=\"true\"><path class=\"wave-1_svg__st2\" d=\"M1341.4 48.9c-182.4 0-254.2 80.4-429.4 80.4-117.8 0-209.7-67.5-393.5-67.5-142.2 0-212.6 38.8-324.6 38.8S-10 64.7-10 64.7V210h1620V102c-110.6-40.2-181-53.1-268.6-53.1z\"><\/path><\/svg><\/div><\/div>\n\n\n\n<hr class=\"wp-block-separator has-alpha-channel-opacity\"\/>\n\n\n\n<div class=\"wp-block-genesis-blocks-gb-columns gb-layout-columns-2 gb-2-col-equal gb-has-custom-background-color gb-columns-center alignwide\" style=\"background-color:#ffcafb\"><div class=\"gb-layout-column-wrap gb-block-layout-column-gap-3 gb-is-responsive-column\" style=\"max-width:1200px\">\n<div class=\"wp-block-genesis-blocks-gb-column gb-block-layout-column gb-is-vertically-aligned-top\"><div class=\"gb-block-layout-column-inner\">\n<div class=\"wp-block-stackable-columns stk-block-columns stk-block stk-e9b4bd2\" data-block-id=\"e9b4bd2\"><style>.stk-e9b4bd2{margin-bottom:0px !important}<\/style><div class=\"stk-row stk-inner-blocks stk-block-content stk-content-align stk-e9b4bd2-column\">\n<div class=\"wp-block-stackable-column stk-block-column stk-column stk-block stk-a134bc1\" data-v=\"4\" data-block-id=\"a134bc1\"><div class=\"stk-column-wrapper stk-block-column__content stk-container stk-a134bc1-container stk--no-background stk--no-padding\"><div class=\"stk-block-content stk-inner-blocks stk-a134bc1-inner-blocks\"><\/div><\/div><\/div>\n<\/div><\/div>\n\n\n\n<h2 class=\"wp-block-heading has-text-color\" style=\"color:#1f1f1f;font-size:40px\">Una detecci\u00f3n temprana puede ayudar a controlar el c\u00e1ncer pronto y salvar vidas.<\/h2>\n\n\n\n<p class=\"has-text-color\" style=\"color:#1f1f1f\">Para nosotros eres muy importante, si deseas recibir atenci\u00f3n, realiza tu consulta m\u00e9dica mediante cita seg\u00fan nuestra disponibilidad en agenda.<\/p>\n\n\n\n<p>Utiliza todos estos medios para agendar tu cita.<\/p>\n\n\n\n<div class=\"wp-block-buttons is-layout-flex wp-block-buttons-is-layout-flex\">\n<div class=\"wp-block-button\"><a class=\"wp-block-button__link has-text-color has-background wp-element-button\" style=\"border-radius:4px;color:#ffffff;background-color:#006CD8\"><strong>Cont\u00e1ctanos ahora<\/strong><\/a><\/div>\n<\/div>\n<\/div><\/div>\n\n\n\n<div class=\"wp-block-genesis-blocks-gb-column gb-block-layout-column gb-is-vertically-aligned-top\"><div class=\"gb-block-layout-column-inner\">\n<div class=\"wp-block-genesis-blocks-gb-columns gb-layout-columns-2 gb-2-col-equal\"><div class=\"gb-layout-column-wrap gb-block-layout-column-gap-2 gb-is-responsive-column\">\n<div class=\"wp-block-genesis-blocks-gb-column gb-block-layout-column\"><div class=\"gb-block-layout-column-inner\">\n<h2 class=\"wp-block-heading has-text-color\" style=\"color:#1f1f1f;font-size:26px\">Hospital\/Cl\u00ednica<\/h2>\n\n\n\n<p class=\"has-text-color\" style=\"color:#1f1f1f\"><strong>HOSPITAL CRESEM<\/strong><\/p>\n\n\n\n<p class=\"has-text-color\" style=\"color:#1f1f1f\">15 calle 0-93 zona 7, Quetzaltenango, Guatemala<\/p>\n\n\n\n<h2 class=\"wp-block-heading has-text-color\" style=\"color:#1f1f1f;font-size:26px\">Horario citas<\/h2>\n\n\n\n<p class=\"has-text-color\" style=\"color:#1f1f1f\">Lunes a Viernes de 8:00AM a 5:00PM<br>S\u00e1bados de 8:00AM a 12:00PM<br><strong>Emergencias 24 Horas<\/strong><\/p>\n<\/div><\/div>\n\n\n\n<div class=\"wp-block-genesis-blocks-gb-column gb-block-layout-column\"><div class=\"gb-block-layout-column-inner\">\n<h2 class=\"wp-block-heading has-text-color\" style=\"color:#1f1f1f;font-size:26px\">Via Email<\/h2>\n\n\n\n<p class=\"has-text-color\" style=\"color:#1f1f1f\">Visite todos nuestros perfiles en:<\/p>\n\n\n\n<div class=\"wp-block-stackable-button-group stk-block-button-group stk-block stk-9922172\" data-block-id=\"9922172\"><div class=\"stk-row stk-inner-blocks stk-block-content stk-button-group\">\n<div class=\"wp-block-stackable-button stk-block-button is-style-ghost stk-block stk-5229cdf\" data-block-id=\"5229cdf\"><style>.stk-5229cdf .stk-button{padding-top:7px !important;padding-bottom:7px !important;background:#3488bbe6 !important;border-top-left-radius:14px !important;border-top-right-radius:14px !important;border-bottom-right-radius:14px !important;border-bottom-left-radius:14px !important}.stk-5229cdf .stk-button:hover:after{background:transparent !important;opacity:1 !important}:where(.stk-hover-parent:hover,.stk-hover-parent.stk--is-hovered) .stk-5229cdf .stk-button:after{background:transparent !important;opacity:1 !important}.stk-5229cdf .stk-button:before{box-shadow:0 5px 5px 0 #123f5209 !important;border-style:solid !important;border-color:#1d66c4 !important;border-top-width:2px !important;border-right-width:2px !important;border-bottom-width:2px !important;border-left-width:2px !important}.stk-5229cdf .stk-button__inner-text{color:#ffffff !important;font-family:\"AR One Sans\",Sans-serif !important}<\/style><a class=\"stk-link stk-button stk--hover-effect-lift\" href=\"\" title=\"Todos nuestros perfiles\" target=\"_blank\" rel=\"noreferrer noopener\"><span class=\"has-text-color stk-button__inner-text\">MEDIOS EN LA WEB<\/span><\/a><\/div>\n<\/div><\/div>\n\n\n\n<h2 class=\"wp-block-heading has-text-color\" style=\"color:#1f1f1f;font-size:26px\">Via Phone<\/h2>\n\n\n\n<p class=\"has-text-color\" style=\"color:#1f1f1f\">Tel\u00e9fono en Guatemala:  (+502) 7767 4235<br><\/p>\n<\/div><\/div>\n<\/div><\/div>\n<\/div><\/div>\n<\/div><\/div>\n\n\n\n<div class=\"wp-block-columns alignwide has-background is-layout-flex wp-container-core-columns-is-layout-9d6595d7 wp-block-columns-is-layout-flex\" style=\"background-color:#000000cf\">\n<div class=\"wp-block-column is-vertically-aligned-top is-layout-flow wp-block-column-is-layout-flow\">\n<h2 class=\"wp-block-heading has-white-color has-text-color has-link-color wp-elements-1c8971b55035edc4c37d06b73a0e05f0\">Deja tus datos y comentario y con gusto te podremos contactar<\/h2>\n\n\n<div class=\"wp-block-jetpack-contact-form is-style-animated is-layout-flex wp-container-jetpack-contact-form-is-layout-026b38f8 wp-block-jetpack-contact-form-is-layout-flex\"><a href=\"https:\/\/www.sin-cancer.com\/oncologia\/contacto\/\" target=\"_blank\" rel=\"noopener noreferrer\">Env\u00eda un formulario.<\/a><\/div><\/div>\n\n\n\n<div class=\"wp-block-column is-vertically-aligned-top is-layout-flow wp-block-column-is-layout-flow\">\n<div class=\"wp-block-stackable-heading stk-block-heading stk-block-heading--v2 stk-block stk-49aa95c\" id=\"encuentranos-en-google-y-encuentra-como-llegar\" data-block-id=\"49aa95c\"><style>.stk-49aa95c .stk-block-heading__text{color:#ffffff !important}<\/style><h2 class=\"stk-block-heading__text has-text-color\">Encu\u00e9ntranos en Google y encuentra como llegar:          <\/h2><\/div>\n\n\n\n<div class=\"wp-block-stackable-map aligncenter stk-block-map stk-block stk-d1045f7 alignwide\" data-block-id=\"d1045f7\"><style>.stk-d1045f7{border-top-left-radius:16px !important;border-top-right-radius:16px !important;border-bottom-right-radius:16px !important;border-bottom-left-radius:16px !important;overflow:hidden !important;box-shadow:0 0 0 2px #7878781a !important;border-style:solid !important;border-top-width:1px !important;border-right-width:1px !important;border-bottom-width:1px !important;border-left-width:1px !important}.stk-d1045f7 .stk-block-map__canvas,.stk-d1045f7 iframe{height:730px !important}<\/style><iframe\n\t\t\t\t\t\ttitle=\"Embedded content from Google Maps Platform.\"\n\t\t\t\t\t\tsrc=\"https:\/\/maps.google.com\/maps?q=Oncologo Dr Julio Ramirez&#038;t=&#038;z=15&#038;ie=UTF8&#038;output=embed\"\n\t\t\t\t\t\tstyle=\"border:0;width:100%;max-width:none;max-height:none;height:100%;\"\n\t\t\t\t\t\taria-hidden=\"false\"\n\t\t\t\t\t\ttabIndex=\"0\"\n\t\t\t\t\t\tallowfullscreen\n\t\t\t\t\t\tloading=\"lazy\"\n\t\t\t\t\t\tframeBorder=\"0\"\n\t\t\t\t\t><\/iframe><\/div>\n<\/div>\n<\/div>\n\n\n\n<p><\/p>\n","protected":false},"excerpt":{"rendered":"<p>Deja tus datos y comentario y con gusto te podremos contactar Encu\u00e9ntranos en Google y encuentra como llegar:<\/p>\n","protected":false},"author":1,"featured_media":0,"parent":0,"menu_order":0,"comment_status":"closed","ping_status":"closed","template":"page-template\/front-page.php","meta":{"advanced_seo_description":"","jetpack_seo_html_title":"","jetpack_seo_noindex":false,"footnotes":""},"class_list":["post-89","page","type-page","status-publish","hentry"],"featured_image_src":null,"featured_image_src_square":null,"jetpack_sharing_enabled":true,"_links":{"self":[{"href":"https:\/\/www.sin-cancer.com\/oncologia\/wp-json\/wp\/v2\/pages\/89","targetHints":{"allow":["GET"]}}],"collection":[{"href":"https:\/\/www.sin-cancer.com\/oncologia\/wp-json\/wp\/v2\/pages"}],"about":[{"href":"https:\/\/www.sin-cancer.com\/oncologia\/wp-json\/wp\/v2\/types\/page"}],"author":[{"embeddable":true,"href":"https:\/\/www.sin-cancer.com\/oncologia\/wp-json\/wp\/v2\/users\/1"}],"replies":[{"embeddable":true,"href":"https:\/\/www.sin-cancer.com\/oncologia\/wp-json\/wp\/v2\/comments?post=89"}],"version-history":[{"count":15,"href":"https:\/\/www.sin-cancer.com\/oncologia\/wp-json\/wp\/v2\/pages\/89\/revisions"}],"predecessor-version":[{"id":112,"href":"https:\/\/www.sin-cancer.com\/oncologia\/wp-json\/wp\/v2\/pages\/89\/revisions\/112"}],"wp:attachment":[{"href":"https:\/\/www.sin-cancer.com\/oncologia\/wp-json\/wp\/v2\/media?parent=89"}],"curies":[{"name":"wp","href":"https:\/\/api.w.org\/{rel}","templated":true}]}}